{"id":28,"date":"2020-04-02T12:31:12","date_gmt":"2020-04-02T12:31:12","guid":{"rendered":"https:\/\/figuresdestyle.ped-ecublens.ch\/?page_id=28"},"modified":"2020-04-09T07:55:45","modified_gmt":"2020-04-09T07:55:45","slug":"figures-qui-jouent-sur-les-sons","status":"publish","type":"page","link":"https:\/\/figuresdestyle.ped-ecublens.ch\/index.php\/figures-qui-jouent-sur-les-sons\/","title":{"rendered":"Figures qui jouent sur les sons"},"content":{"rendered":"\n<h2 class=\"wp-block-heading\">L&rsquo;assonance<\/h2>\n\n\n\n<p>\u00a0L&rsquo;<strong>assonance<\/strong> consiste <span class=\"has-inline-color has-vivid-red-color\">en la r\u00e9p\u00e9tition, dans une m\u00eame phrase ou dans un m\u00eame ensemble de vers, d&rsquo;un m\u00eame son vocalique, c&rsquo;est-\u00e0-dire produit par une ou plusieurs voyelles<\/span> (a, e, \u00e9, \u00e8, i, o, u, oi, ou&#8230;).\u00a0<\/p>\n\n\n\n<h2 class=\"wp-block-heading\">L&rsquo;allit\u00e9ration<\/h2>\n\n\n\n<p>Une <strong>allit\u00e9ration<\/strong> consiste <span class=\"has-inline-color has-vivid-red-color\">en la r\u00e9p\u00e9tition d&rsquo;une ou plusieurs consonnes<\/span>, souvent \u00e0 l&rsquo;attaque des syllabes accentu\u00e9es, \u00e0 l&rsquo;int\u00e9rieur d&rsquo;un m\u00eame vers ou d&rsquo;une m\u00eame phrase.<\/p>\n","protected":false},"excerpt":{"rendered":"<p>L&rsquo;assonance \u00a0L&rsquo;assonance consiste en la r\u00e9p\u00e9tition, dans une m\u00eame phrase ou dans un m\u00eame ensemble de vers, d&rsquo;un m\u00eame son vocalique, c&rsquo;est-\u00e0-dire produit par une ou plusieurs voyelles (a, e, \u00e9, \u00e8, i, o, u, oi, ou&#8230;).\u00a0 L&rsquo;allit\u00e9ration Une allit\u00e9ration consiste en la r\u00e9p\u00e9tition d&rsquo;une ou plusieurs consonnes, souvent \u00e0 l&rsquo;attaque des syllabes accentu\u00e9es, \u00e0 [&hellip;]<\/p>\n","protected":false},"author":1,"featured_media":0,"parent":0,"menu_order":0,"comment_status":"closed","ping_status":"closed","template":"","meta":{"footnotes":""},"class_list":["post-28","page","type-page","status-publish","hentry"],"jetpack_sharing_enabled":true,"_links":{"self":[{"href":"https:\/\/figuresdestyle.ped-ecublens.ch\/index.php\/wp-json\/wp\/v2\/pages\/28","targetHints":{"allow":["GET"]}}],"collection":[{"href":"https:\/\/figuresdestyle.ped-ecublens.ch\/index.php\/wp-json\/wp\/v2\/pages"}],"about":[{"href":"https:\/\/figuresdestyle.ped-ecublens.ch\/index.php\/wp-json\/wp\/v2\/types\/page"}],"author":[{"embeddable":true,"href":"https:\/\/figuresdestyle.ped-ecublens.ch\/index.php\/wp-json\/wp\/v2\/users\/1"}],"replies":[{"embeddable":true,"href":"https:\/\/figuresdestyle.ped-ecublens.ch\/index.php\/wp-json\/wp\/v2\/comments?post=28"}],"version-history":[{"count":2,"href":"https:\/\/figuresdestyle.ped-ecublens.ch\/index.php\/wp-json\/wp\/v2\/pages\/28\/revisions"}],"predecessor-version":[{"id":151,"href":"https:\/\/figuresdestyle.ped-ecublens.ch\/index.php\/wp-json\/wp\/v2\/pages\/28\/revisions\/151"}],"wp:attachment":[{"href":"https:\/\/figuresdestyle.ped-ecublens.ch\/index.php\/wp-json\/wp\/v2\/media?parent=28"}],"curies":[{"name":"wp","href":"https:\/\/api.w.org\/{rel}","templated":true}]}}