{"id":26,"date":"2020-04-02T12:30:37","date_gmt":"2020-04-02T12:30:37","guid":{"rendered":"https:\/\/figuresdestyle.ped-ecublens.ch\/?page_id=26"},"modified":"2020-04-09T07:52:09","modified_gmt":"2020-04-09T07:52:09","slug":"figures-de-rupture","status":"publish","type":"page","link":"https:\/\/figuresdestyle.ped-ecublens.ch\/index.php\/figures-de-rupture\/","title":{"rendered":"Figures de rupture"},"content":{"rendered":"\n<h2 class=\"wp-block-heading\">Le zeugme<\/h2>\n\n\n\n<p>Le <strong>zeugme<\/strong> consiste \u00e0 <span class=\"has-inline-color has-vivid-red-color\">associer des \u00e9l\u00e9ments alors qu&rsquo;ils diff\u00e9rent sur le plan syntaxique ou sur le plan s\u00e9mantique.<\/span><br>Ex: V\u00eatu de probit\u00e9 candide et de lin blanc. Victor Hugo, <em>Booz endormi<\/em><br>-> v\u00eatu de lin blanc = expression concr\u00e8te, de probit\u00e9 = expression abstraite<\/p>\n","protected":false},"excerpt":{"rendered":"<p>Le zeugme Le zeugme consiste \u00e0 associer des \u00e9l\u00e9ments alors qu&rsquo;ils diff\u00e9rent sur le plan syntaxique ou sur le plan s\u00e9mantique.Ex: V\u00eatu de probit\u00e9 candide et de lin blanc. Victor Hugo, Booz endormi-> v\u00eatu de lin blanc = expression concr\u00e8te, de probit\u00e9 = expression abstraite<\/p>\n","protected":false},"author":1,"featured_media":0,"parent":0,"menu_order":0,"comment_status":"closed","ping_status":"closed","template":"","meta":{"footnotes":""},"class_list":["post-26","page","type-page","status-publish","hentry"],"_links":{"self":[{"href":"https:\/\/figuresdestyle.ped-ecublens.ch\/index.php\/wp-json\/wp\/v2\/pages\/26","targetHints":{"allow":["GET"]}}],"collection":[{"href":"https:\/\/figuresdestyle.ped-ecublens.ch\/index.php\/wp-json\/wp\/v2\/pages"}],"about":[{"href":"https:\/\/figuresdestyle.ped-ecublens.ch\/index.php\/wp-json\/wp\/v2\/types\/page"}],"author":[{"embeddable":true,"href":"https:\/\/figuresdestyle.ped-ecublens.ch\/index.php\/wp-json\/wp\/v2\/users\/1"}],"replies":[{"embeddable":true,"href":"https:\/\/figuresdestyle.ped-ecublens.ch\/index.php\/wp-json\/wp\/v2\/comments?post=26"}],"version-history":[{"count":2,"href":"https:\/\/figuresdestyle.ped-ecublens.ch\/index.php\/wp-json\/wp\/v2\/pages\/26\/revisions"}],"predecessor-version":[{"id":150,"href":"https:\/\/figuresdestyle.ped-ecublens.ch\/index.php\/wp-json\/wp\/v2\/pages\/26\/revisions\/150"}],"wp:attachment":[{"href":"https:\/\/figuresdestyle.ped-ecublens.ch\/index.php\/wp-json\/wp\/v2\/media?parent=26"}],"curies":[{"name":"wp","href":"https:\/\/api.w.org\/{rel}","templated":true}]}}