{"id":24,"date":"2020-04-02T12:30:29","date_gmt":"2020-04-02T12:30:29","guid":{"rendered":"https:\/\/figuresdestyle.ped-ecublens.ch\/?page_id=24"},"modified":"2022-11-07T08:51:17","modified_gmt":"2022-11-07T08:51:17","slug":"figures-dinsistance-ou-dexageration","status":"publish","type":"page","link":"https:\/\/figuresdestyle.ped-ecublens.ch\/index.php\/figures-dinsistance-ou-dexageration\/","title":{"rendered":"Figures d&rsquo;insistance ou d&rsquo;exag\u00e9ration"},"content":{"rendered":"\n<h2 class=\"wp-block-heading\">L\u2019accumulation<\/h2>\n\n\n\n<p><strong>L\u2019accumulation<\/strong>&nbsp;consiste <span class=\"has-inline-color has-vivid-red-color\">\u00e0 \u00e9noncer une longue s\u00e9rie de termes de m\u00eame classe grammaticale ou de m\u00eame fonction<\/span>. Cette figure, souvent utilis\u00e9e pour d\u00e9crire, <span class=\"has-inline-color has-vivid-red-color\">cr\u00e9e un effet d\u2019abondance<\/span>.<br><strong>Ex :&nbsp;&nbsp;<\/strong><em>Le printemps, en Bretagne, la terre se couvre&nbsp;de marguerites, de pens\u00e9es, de jonquilles, de narcisses, d\u2019hyacinthes, de renoncules, d\u2019an\u00e9mones&#8230;&nbsp;<\/em>(F. R. de Chateaubriand,&nbsp;<em>M\u00e9moires d\u2019outre-tombe<\/em>.)<\/p>\n\n\n\n<h2 class=\"wp-block-heading\">La gradation<\/h2>\n\n\n\n<p>La&nbsp;<strong>gradation<\/strong>&nbsp;consiste <span class=\"has-inline-color has-vivid-red-color\">en une \u00e9num\u00e9ration de termes de plus en plus forts (gradation ascendante) ou de moins en moins forts (gradation descendante).<\/span><br><strong>Ex :&nbsp;<\/strong><em>Va,&nbsp;cours,&nbsp;vole&nbsp;et nous&nbsp;venge.&nbsp;<\/em>(P. Corneille,&nbsp;<em>Le Cid<\/em>.)&nbsp;&amp;&nbsp;Don Di\u00e8gue incite son fils \u00e0 venger l\u2019honneur de la famille.<\/p>\n\n\n\n<h2 class=\"wp-block-heading\">L&rsquo;hyperbole<\/h2>\n\n\n\n<p><strong>L\u2019hyperbole<\/strong>&nbsp;consiste <span class=\"has-inline-color has-vivid-red-color\">\u00e0 exag\u00e9rer fortement la r\u00e9alit\u00e9 de fa\u00e7on \u00e0 frapper l\u2019imagination<\/span>.&nbsp;<br><strong>Ex :&nbsp;<\/strong><em>La plaine, o\u00f9 frissonnaient les drapeaux d\u00e9chir\u00e9s,<br>Ne fut plus, dans les cris des mourants qu\u2019on \u00e9gorge,<br>Qu\u2019un&nbsp;gouffre flamboyant, rouge comme une forge.&nbsp;<\/em>(V. Hugo, \u00ab Waterloo \u00bb.)<br>-&gt;&nbsp;L\u2019hyperbole assimile le champ de bataille \u00e0 une vision de l\u2019enfer.<\/p>\n\n\n\n<p><a href=\"https:\/\/www.scolcast.ch\/episode\/hornbach\">https:\/\/www.scolcast.ch\/episode\/hornbach<\/a><\/p>\n\n\n\n<p><\/p>\n\n\n\n<h2 class=\"wp-block-heading\">L\u2019anaphore<\/h2>\n\n\n\n<p><strong>L\u2019anaphore<\/strong>&nbsp;consiste <span class=\"has-inline-color has-vivid-red-color\">\u00e0 r\u00e9p\u00e9ter un mot ou un groupe de mots en d\u00e9but de vers ou de phrases. Elle cr\u00e9e un effet d\u2019insistance<\/span>.<br><strong>Ex :&nbsp;<\/strong><em>Rome, l\u2019unique objet de mon ressentiment !<br>Rome, \u00e0 qui vient ton bras d\u2019immoler mon amant !&nbsp;<\/em>(P. Corneille,&nbsp;<em>Horace<\/em>.)<br>-&gt;&nbsp;Camille crie \u00e0 son fr\u00e8re Horace sa col\u00e8re et sa haine de Rome.<\/p>\n\n\n\n<h2 class=\"wp-block-heading\">L&rsquo;\u00e9piphore<\/h2>\n\n\n\n<p><strong>L&rsquo;\u00e9piphore<\/strong> consiste <span class=\"has-inline-color has-vivid-red-color\">\u00e0 r\u00e9p\u00e9ter un mot ou un groupe de mots en fin de phrase<\/span><span class=\"has-inline-color has-very-dark-gray-color\"> (cf. anaphore)<\/span>.<\/p>\n\n\n\n<h2 class=\"wp-block-heading\">Le&nbsp;parall\u00e9lisme<\/h2>\n\n\n\n<p>Le&nbsp;<strong>parall\u00e9lisme<\/strong>&nbsp;est un proc\u00e9d\u00e9 de construction pr\u00e9sentant deux phrases ou deux groupes de mots <span class=\"has-inline-color has-vivid-red-color\">dont les \u00e9l\u00e9ments se correspondent parall\u00e8lement<\/span>.<br><strong>Ex :&nbsp;<\/strong><em>L\u2019homme&nbsp;<\/em><strong><em>n\u2019a point de&nbsp;<\/em><\/strong><em>port,&nbsp;le temps&nbsp;<\/em><strong><em>n\u2019a point de&nbsp;<\/em><\/strong><em>rive.&nbsp;<\/em>(A. de Lamartine, \u00ab Le Lac \u00bb.)<\/p>\n\n\n\n<h2 class=\"wp-block-heading\">La pr\u00e9t\u00e9rition<\/h2>\n\n\n\n<p>La pr\u00e9t\u00e9rition consiste <span class=\"has-inline-color has-vivid-red-color\">\u00e0 feindre de ne pas vouloir parler d&rsquo;un sujet tout en en parlant quand m\u00eame<\/span>. Le locuteur dit ce qu&rsquo;il pr\u00e9tend passer sous silence.<\/p>\n\n\n\n<p><\/p>\n","protected":false},"excerpt":{"rendered":"<p>L\u2019accumulation L\u2019accumulation&nbsp;consiste \u00e0 \u00e9noncer une longue s\u00e9rie de termes de m\u00eame classe grammaticale ou de m\u00eame fonction. Cette figure, souvent utilis\u00e9e pour d\u00e9crire, cr\u00e9e un effet d\u2019abondance.Ex :&nbsp;&nbsp;Le printemps, en Bretagne, la terre se couvre&nbsp;de marguerites, de pens\u00e9es, de jonquilles, de narcisses, d\u2019hyacinthes, de renoncules, d\u2019an\u00e9mones&#8230;&nbsp;(F. R. de Chateaubriand,&nbsp;M\u00e9moires d\u2019outre-tombe.) La gradation La&nbsp;gradation&nbsp;consiste en une [&hellip;]<\/p>\n","protected":false},"author":1,"featured_media":0,"parent":0,"menu_order":0,"comment_status":"closed","ping_status":"closed","template":"","meta":{"footnotes":""},"class_list":["post-24","page","type-page","status-publish","hentry"],"jetpack_sharing_enabled":true,"_links":{"self":[{"href":"https:\/\/figuresdestyle.ped-ecublens.ch\/index.php\/wp-json\/wp\/v2\/pages\/24","targetHints":{"allow":["GET"]}}],"collection":[{"href":"https:\/\/figuresdestyle.ped-ecublens.ch\/index.php\/wp-json\/wp\/v2\/pages"}],"about":[{"href":"https:\/\/figuresdestyle.ped-ecublens.ch\/index.php\/wp-json\/wp\/v2\/types\/page"}],"author":[{"embeddable":true,"href":"https:\/\/figuresdestyle.ped-ecublens.ch\/index.php\/wp-json\/wp\/v2\/users\/1"}],"replies":[{"embeddable":true,"href":"https:\/\/figuresdestyle.ped-ecublens.ch\/index.php\/wp-json\/wp\/v2\/comments?post=24"}],"version-history":[{"count":19,"href":"https:\/\/figuresdestyle.ped-ecublens.ch\/index.php\/wp-json\/wp\/v2\/pages\/24\/revisions"}],"predecessor-version":[{"id":367,"href":"https:\/\/figuresdestyle.ped-ecublens.ch\/index.php\/wp-json\/wp\/v2\/pages\/24\/revisions\/367"}],"wp:attachment":[{"href":"https:\/\/figuresdestyle.ped-ecublens.ch\/index.php\/wp-json\/wp\/v2\/media?parent=24"}],"curies":[{"name":"wp","href":"https:\/\/api.w.org\/{rel}","templated":true}]}}