{"id":20,"date":"2020-04-02T12:30:56","date_gmt":"2020-04-02T12:30:56","guid":{"rendered":"https:\/\/figuresdestyle.ped-ecublens.ch\/?page_id=20"},"modified":"2020-04-04T15:20:40","modified_gmt":"2020-04-04T15:20:40","slug":"figures-de-substitution","status":"publish","type":"page","link":"https:\/\/figuresdestyle.ped-ecublens.ch\/index.php\/figures-de-substitution\/","title":{"rendered":"Figures de substitution"},"content":{"rendered":"\n<h2 class=\"wp-block-heading\">La p\u00e9riphrase<\/h2>\n\n\n\n<p>La\u00a0<strong>p\u00e9riphrase<\/strong>\u00a0consiste \u00e0 <span class=\"has-inline-color has-vivid-red-color\">remplacer un terme par une expression de m\u00eame sens<\/span>. Elle permet de mettre en valeur un aspect particulier d\u2019un \u00eatre ou d\u2019une chose.<br><strong>Ex :\u00a0<\/strong><em>la cit\u00e9 des Doges\u00a0<\/em>->\u00a0p\u00e9riphrase pour d\u00e9signer la ville de Venise.<\/p>\n\n\n\n<h2 class=\"wp-block-heading\">La m\u00e9tonymie<\/h2>\n\n\n\n<p>La\u00a0<strong>m\u00e9tonymie<\/strong>\u00a0consiste \u00e0 <span class=\"has-inline-color has-vivid-red-color\">remplacer un terme par un autre, auquel il est li\u00e9 par un rapport de sens<\/span> : <br>\u2013 le contenu pour le contenant ;\u00a0<strong>Ex :\u00a0<\/strong><em>boire\u00a0une tasse\u00a0de caf\u00e9\u00a0<\/em>->\u00a0le contenu de la tasse.<br>\u2013 la mati\u00e8re pour l\u2019objet ;\u00a0<strong>Ex :\u00a0<\/strong><em>croiser\u00a0le fer\u00a0<\/em>->\u00a0l\u2019\u00e9p\u00e9e.<br>\u2013 la partie pour le tout.\u00a0<strong>Ex :\u00a0<\/strong><em>une voile\u00a0sur la mer\u00a0<\/em>->\u00a0un navire.<\/p>\n","protected":false},"excerpt":{"rendered":"<p>La p\u00e9riphrase La\u00a0p\u00e9riphrase\u00a0consiste \u00e0 remplacer un terme par une expression de m\u00eame sens. Elle permet de mettre en valeur un aspect particulier d\u2019un \u00eatre ou d\u2019une chose.Ex :\u00a0la cit\u00e9 des Doges\u00a0->\u00a0p\u00e9riphrase pour d\u00e9signer la ville de Venise. La m\u00e9tonymie La\u00a0m\u00e9tonymie\u00a0consiste \u00e0 remplacer un terme par un autre, auquel il est li\u00e9 par un rapport de [&hellip;]<\/p>\n","protected":false},"author":1,"featured_media":0,"parent":0,"menu_order":0,"comment_status":"closed","ping_status":"closed","template":"","meta":{"footnotes":""},"class_list":["post-20","page","type-page","status-publish","hentry"],"jetpack_sharing_enabled":true,"_links":{"self":[{"href":"https:\/\/figuresdestyle.ped-ecublens.ch\/index.php\/wp-json\/wp\/v2\/pages\/20","targetHints":{"allow":["GET"]}}],"collection":[{"href":"https:\/\/figuresdestyle.ped-ecublens.ch\/index.php\/wp-json\/wp\/v2\/pages"}],"about":[{"href":"https:\/\/figuresdestyle.ped-ecublens.ch\/index.php\/wp-json\/wp\/v2\/types\/page"}],"author":[{"embeddable":true,"href":"https:\/\/figuresdestyle.ped-ecublens.ch\/index.php\/wp-json\/wp\/v2\/users\/1"}],"replies":[{"embeddable":true,"href":"https:\/\/figuresdestyle.ped-ecublens.ch\/index.php\/wp-json\/wp\/v2\/comments?post=20"}],"version-history":[{"count":2,"href":"https:\/\/figuresdestyle.ped-ecublens.ch\/index.php\/wp-json\/wp\/v2\/pages\/20\/revisions"}],"predecessor-version":[{"id":106,"href":"https:\/\/figuresdestyle.ped-ecublens.ch\/index.php\/wp-json\/wp\/v2\/pages\/20\/revisions\/106"}],"wp:attachment":[{"href":"https:\/\/figuresdestyle.ped-ecublens.ch\/index.php\/wp-json\/wp\/v2\/media?parent=20"}],"curies":[{"name":"wp","href":"https:\/\/api.w.org\/{rel}","templated":true}]}}