{"id":18,"date":"2020-04-02T12:30:08","date_gmt":"2020-04-02T12:30:08","guid":{"rendered":"https:\/\/figuresdestyle.ped-ecublens.ch\/?page_id=18"},"modified":"2020-04-04T15:18:26","modified_gmt":"2020-04-04T15:18:26","slug":"figures-dopposition","status":"publish","type":"page","link":"https:\/\/figuresdestyle.ped-ecublens.ch\/index.php\/figures-dopposition\/","title":{"rendered":"Figures d&rsquo;opposition"},"content":{"rendered":"\n<p><em>Les d\u00e9finitions sont tir\u00e9es du&nbsp;<strong>Livre Unique Fran\u00e7ais<\/strong>&nbsp;(\u00e9ditions Hatier, 2011)<\/em><\/p>\n\n\n\n<h2 class=\"wp-block-heading\">L&rsquo;antith\u00e8se<\/h2>\n\n\n\n<p><strong>L\u2019antith\u00e8se<\/strong>&nbsp;consiste \u00e0 <span class=\"has-inline-color has-vivid-red-color\">opposer deux mots, deux expressions ou deux notions contraires.<\/span><br><strong>Ex :&nbsp;<\/strong><em>L\u2019avarice&nbsp;perd tout&nbsp;en voulant&nbsp;tout gagner.&nbsp;<\/em>(J. de La Fontaine, \u00ab La Poule aux \u0153ufs d\u2019or \u00bb.)&nbsp;-&gt;&nbsp;L\u2019opposition des deux termes est ici au service de la morale.<\/p>\n\n\n\n<h2 class=\"wp-block-heading\">L&rsquo;oxymore<\/h2>\n\n\n\n<p><strong>L\u2019oxymore<\/strong>\u00a0consiste \u00e0 <span class=\"has-inline-color has-vivid-red-color\">rapprocher des mots de sens contraire<\/span>.<br><strong>Ex :\u00a0<\/strong><em>C\u2019\u00e9tait une\u00a0merveilleuse\u00a0<\/em><strong><em>grimace<\/em><\/strong><em>.\u00a0<\/em>(V. Hugo,\u00a0<em>Notre-Dame de Paris<\/em>.)\u00a0->\u00a0description de Quasimodo, bossu et difforme, mais d\u2019une grande beaut\u00e9 int\u00e9rieure.<\/p>\n\n\n\n<h2 class=\"wp-block-heading\">L&rsquo;antiphrase<\/h2>\n\n\n\n<p><strong>L\u2019antiphrase<\/strong>\u00a0consiste \u00e0 <span class=\"has-inline-color has-vivid-red-color\">dire le contraire de ce que l\u2019on pense, mais en faisant comprendre que l\u2019on pense le contraire de ce que l\u2019on dit<\/span>. Elle est souvent utilis\u00e9e au service de <strong>l\u2019ironie<\/strong>.<br><strong>Ex :\u00a0<\/strong><em>Une heure de retard !\u00a0Bravo ! Je vous f\u00e9licite !\u00a0<\/em>->\u00a0Ici, pour accentuer le reproche.<\/p>\n\n\n\n<h2 class=\"wp-block-heading\">Le chiasme<\/h2>\n\n\n\n<p>Le\u00a0<strong>chiasme<\/strong>\u00a0est un parall\u00e9lisme construit \u00e0 partir d\u2019une <span class=\"has-inline-color has-vivid-red-color\">inversion des termes<\/span>.<br><strong>Ex :\u00a0<\/strong><em>Ils ne\u00a0<\/em><strong><em>mouraient\u00a0<\/em><\/strong><em>pas\u00a0tous, mais\u00a0tous\u00a0<\/em><strong><em>\u00e9taient frapp\u00e9s<\/em><\/strong><em>.\u00a0<\/em>(J. de La Fontaine, \u00ab Les Animaux malades de la peste \u00bb.)<\/p>\n","protected":false},"excerpt":{"rendered":"<p>Les d\u00e9finitions sont tir\u00e9es du&nbsp;Livre Unique Fran\u00e7ais&nbsp;(\u00e9ditions Hatier, 2011) L&rsquo;antith\u00e8se L\u2019antith\u00e8se&nbsp;consiste \u00e0 opposer deux mots, deux expressions ou deux notions contraires.Ex :&nbsp;L\u2019avarice&nbsp;perd tout&nbsp;en voulant&nbsp;tout gagner.&nbsp;(J. de La Fontaine, \u00ab La Poule aux \u0153ufs d\u2019or \u00bb.)&nbsp;-&gt;&nbsp;L\u2019opposition des deux termes est ici au service de la morale. L&rsquo;oxymore L\u2019oxymore\u00a0consiste \u00e0 rapprocher des mots de sens contraire.Ex :\u00a0C\u2019\u00e9tait [&hellip;]<\/p>\n","protected":false},"author":1,"featured_media":0,"parent":0,"menu_order":0,"comment_status":"closed","ping_status":"closed","template":"","meta":{"footnotes":""},"class_list":["post-18","page","type-page","status-publish","hentry"],"_links":{"self":[{"href":"https:\/\/figuresdestyle.ped-ecublens.ch\/index.php\/wp-json\/wp\/v2\/pages\/18","targetHints":{"allow":["GET"]}}],"collection":[{"href":"https:\/\/figuresdestyle.ped-ecublens.ch\/index.php\/wp-json\/wp\/v2\/pages"}],"about":[{"href":"https:\/\/figuresdestyle.ped-ecublens.ch\/index.php\/wp-json\/wp\/v2\/types\/page"}],"author":[{"embeddable":true,"href":"https:\/\/figuresdestyle.ped-ecublens.ch\/index.php\/wp-json\/wp\/v2\/users\/1"}],"replies":[{"embeddable":true,"href":"https:\/\/figuresdestyle.ped-ecublens.ch\/index.php\/wp-json\/wp\/v2\/comments?post=18"}],"version-history":[{"count":5,"href":"https:\/\/figuresdestyle.ped-ecublens.ch\/index.php\/wp-json\/wp\/v2\/pages\/18\/revisions"}],"predecessor-version":[{"id":105,"href":"https:\/\/figuresdestyle.ped-ecublens.ch\/index.php\/wp-json\/wp\/v2\/pages\/18\/revisions\/105"}],"wp:attachment":[{"href":"https:\/\/figuresdestyle.ped-ecublens.ch\/index.php\/wp-json\/wp\/v2\/media?parent=18"}],"curies":[{"name":"wp","href":"https:\/\/api.w.org\/{rel}","templated":true}]}}